{"id":11392,"date":"2018-12-15T04:46:23","date_gmt":"2018-12-15T04:46:23","guid":{"rendered":"http:\/\/www.fabriceeulry-laboutique.com\/blog\/?page_id=11392"},"modified":"2018-12-15T06:05:04","modified_gmt":"2018-12-15T06:05:04","slug":"fondation-resonnance","status":"publish","type":"page","link":"http:\/\/www.fabriceeulry-laboutique.com\/blog\/?page_id=11392","title":{"rendered":"FONDATION R\u00c9SONNANCE"},"content":{"rendered":"\n<figure class=\"wp-block-embed is-type-rich is-provider-le-canard-du-pianiste\"><div class=\"wp-block-embed__wrapper\">\n<blockquote class=\"wp-embedded-content\" data-secret=\"6JRnVINoI1\"><a href=\"https:\/\/www.fabriceeulry-laboutique.com\/blog\/?p=10949\">QUAND UN CONCERT MUTE EN FIESTA<\/a><\/blockquote><iframe loading=\"lazy\" class=\"wp-embedded-content\" sandbox=\"allow-scripts\" security=\"restricted\" style=\"position: absolute; visibility: hidden;\" title=\"\u00ab\u00a0QUAND UN CONCERT MUTE EN FIESTA\u00a0\u00bb &#8212; Le Canard du pianiste\" src=\"https:\/\/www.fabriceeulry-laboutique.com\/blog\/?p=10949&#038;embed=true#?secret=uGQ0AQtNib#?secret=6JRnVINoI1\" data-secret=\"6JRnVINoI1\" width=\"600\" height=\"338\" frameborder=\"0\" marginwidth=\"0\" marginheight=\"0\" scrolling=\"no\"><\/iframe>\n<\/div><\/figure>\n\n\n\n<figure class=\"wp-block-embed is-type-rich is-provider-le-canard-du-pianiste\"><div class=\"wp-block-embed__wrapper\">\n<blockquote class=\"wp-embedded-content\" data-secret=\"PBG9s9olFk\"><a href=\"https:\/\/www.fabriceeulry-laboutique.com\/blog\/?p=10936\">R\u00c9CITAL DANS UNE \u00c9COLE<\/a><\/blockquote><iframe loading=\"lazy\" class=\"wp-embedded-content\" sandbox=\"allow-scripts\" security=\"restricted\" style=\"position: absolute; visibility: hidden;\" title=\"\u00ab\u00a0R\u00c9CITAL DANS UNE \u00c9COLE\u00a0\u00bb &#8212; Le Canard du pianiste\" src=\"https:\/\/www.fabriceeulry-laboutique.com\/blog\/?p=10936&#038;embed=true#?secret=KwFStVIBSR#?secret=PBG9s9olFk\" data-secret=\"PBG9s9olFk\" width=\"600\" height=\"338\" frameborder=\"0\" marginwidth=\"0\" marginheight=\"0\" scrolling=\"no\"><\/iframe>\n<\/div><\/figure>\n\n\n\n<figure class=\"wp-block-embed is-type-rich is-provider-le-canard-du-pianiste\"><div class=\"wp-block-embed__wrapper\">\n<blockquote class=\"wp-embedded-content\" data-secret=\"tlJK9D8hF1\"><a href=\"https:\/\/www.fabriceeulry-laboutique.com\/blog\/?p=10920\">CHANGEZ DE DROGUE AVANTAGEUSEMENT<\/a><\/blockquote><iframe loading=\"lazy\" class=\"wp-embedded-content\" sandbox=\"allow-scripts\" security=\"restricted\" style=\"position: absolute; visibility: hidden;\" title=\"\u00ab\u00a0CHANGEZ DE DROGUE AVANTAGEUSEMENT\u00a0\u00bb &#8212; Le Canard du pianiste\" src=\"https:\/\/www.fabriceeulry-laboutique.com\/blog\/?p=10920&#038;embed=true#?secret=ICaPUSRHjJ#?secret=tlJK9D8hF1\" data-secret=\"tlJK9D8hF1\" width=\"600\" height=\"338\" frameborder=\"0\" marginwidth=\"0\" marginheight=\"0\" scrolling=\"no\"><\/iframe>\n<\/div><\/figure>\n\n\n\n<figure class=\"wp-block-embed is-type-rich is-provider-le-canard-du-pianiste\"><div class=\"wp-block-embed__wrapper\">\n<blockquote class=\"wp-embedded-content\" data-secret=\"XbKY7r0T2s\"><a href=\"https:\/\/www.fabriceeulry-laboutique.com\/blog\/?p=10901\">BOOGIE \u00c0 TRIPOLI<\/a><\/blockquote><iframe loading=\"lazy\" class=\"wp-embedded-content\" sandbox=\"allow-scripts\" security=\"restricted\" style=\"position: absolute; visibility: hidden;\" title=\"\u00ab\u00a0BOOGIE \u00c0 TRIPOLI\u00a0\u00bb &#8212; Le Canard du pianiste\" src=\"https:\/\/www.fabriceeulry-laboutique.com\/blog\/?p=10901&#038;embed=true#?secret=3TossDAI6k#?secret=XbKY7r0T2s\" data-secret=\"XbKY7r0T2s\" width=\"600\" height=\"338\" frameborder=\"0\" marginwidth=\"0\" marginheight=\"0\" scrolling=\"no\"><\/iframe>\n<\/div><\/figure>\n\n\n\n<figure class=\"wp-block-embed is-type-rich is-provider-le-canard-du-pianiste\"><div class=\"wp-block-embed__wrapper\">\n<blockquote class=\"wp-embedded-content\" data-secret=\"CpaMHE77xg\"><a href=\"https:\/\/www.fabriceeulry-laboutique.com\/blog\/?p=10899\">FABRICE EULRY AU LIBAN<\/a><\/blockquote><iframe loading=\"lazy\" class=\"wp-embedded-content\" sandbox=\"allow-scripts\" security=\"restricted\" style=\"position: absolute; visibility: hidden;\" title=\"\u00ab\u00a0FABRICE EULRY AU LIBAN\u00a0\u00bb &#8212; Le Canard du pianiste\" src=\"https:\/\/www.fabriceeulry-laboutique.com\/blog\/?p=10899&#038;embed=true#?secret=5447uVEJNP#?secret=CpaMHE77xg\" data-secret=\"CpaMHE77xg\" width=\"600\" height=\"338\" frameborder=\"0\" marginwidth=\"0\" marginheight=\"0\" scrolling=\"no\"><\/iframe>\n<\/div><\/figure>\n\n\n\n<figure class=\"wp-block-embed is-type-rich is-provider-le-canard-du-pianiste\"><div class=\"wp-block-embed__wrapper\">\n<blockquote class=\"wp-embedded-content\" data-secret=\"zA4fw2UEVF\"><a href=\"https:\/\/www.fabriceeulry-laboutique.com\/blog\/?p=10533\">ELIZABETH SOMBART ET FABRICE EULRY EN BELGIQUE<\/a><\/blockquote><iframe loading=\"lazy\" class=\"wp-embedded-content\" sandbox=\"allow-scripts\" security=\"restricted\" style=\"position: absolute; visibility: hidden;\" title=\"\u00ab\u00a0ELIZABETH SOMBART ET FABRICE EULRY EN BELGIQUE\u00a0\u00bb &#8212; Le Canard du pianiste\" src=\"https:\/\/www.fabriceeulry-laboutique.com\/blog\/?p=10533&#038;embed=true#?secret=4p0naaHeeC#?secret=zA4fw2UEVF\" data-secret=\"zA4fw2UEVF\" width=\"600\" height=\"338\" frameborder=\"0\" marginwidth=\"0\" marginheight=\"0\" scrolling=\"no\"><\/iframe>\n<\/div><\/figure>\n\n\n\n<p><\/p>\n","protected":false},"excerpt":{"rendered":"","protected":false},"author":2,"featured_media":0,"parent":10068,"menu_order":0,"comment_status":"open","ping_status":"closed","template":"","meta":{"jetpack_post_was_ever_published":false,"footnotes":""},"class_list":["post-11392","page","type-page","status-publish","hentry"],"jetpack_sharing_enabled":true,"jetpack_shortlink":"https:\/\/wp.me\/P2D6dI-2XK","jetpack_likes_enabled":true,"jetpack-related-posts":[{"id":11445,"url":"http:\/\/www.fabriceeulry-laboutique.com\/blog\/?page_id=11445","url_meta":{"origin":11392,"position":0},"title":"BOUTIQUE CD DVD PARTITIONS","author":"Le Canard du pianiste","date":"1 janvier 2019","format":false,"excerpt":"Cliquez sur ce lien pour acc\u00e9der \u00e0 la boutique o\u00f9 vous pourrez \u00e9couter des extraits : https:\/\/fabriceeulry.fr\/","rel":"","context":"Article similaire","block_context":{"text":"Article similaire","link":""},"img":{"alt_text":"","src":"","width":0,"height":0},"classes":[]},{"id":8269,"url":"http:\/\/www.fabriceeulry-laboutique.com\/blog\/?page_id=8269","url_meta":{"origin":11392,"position":1},"title":"CALENDRIER DES CONCERTS","author":"Le Canard du pianiste","date":"11 mars 2016","format":false,"excerpt":"NE SONT PAS MENTIONN\u00c9S LES CONCERTS NON OUVERTS AU PUBLIC (COMME LES CONCERTS DE SOLIDARIT\u00c9 EN MAISON D'ACCUEIL OU MAISONS SP\u00c9CIALIS\u00c9ES OU PRISONS, PAR EXEMPLE) ET LES CONCERTS D\u00c9J\u00c0 COMPLETS. Avril 2026 Samedi 25 : Mini-festival \u00e0 Morges concerts \u00e0 15h30 et 17h30 Avenue de plan 4 A Mercredi 27\u2026","rel":"","context":"Article similaire","block_context":{"text":"Article similaire","link":""},"img":{"alt_text":"","src":"https:\/\/i0.wp.com\/www.fabriceeulry-laboutique.com\/blog\/wp-content\/uploads\/2019\/02\/LA-MARSEILLAISE-Fabrice.png?resize=350%2C200","width":350,"height":200},"classes":[]},{"id":8289,"url":"http:\/\/www.fabriceeulry-laboutique.com\/blog\/?page_id=8289","url_meta":{"origin":11392,"position":2},"title":"CONTACT-DOSSIER DE PRESSE-PARCOURS","author":"Le Canard du pianiste","date":"12 mars 2016","format":false,"excerpt":"CONTACT SC\u00c8NE : Fabrice Eulry vous a enthousiasm\u00e9. Vous souhaiteriez qu'il joue pour vous, seul ou en formation. Pour organiser votre soir\u00e9e priv\u00e9e ou d'entreprise, votre concert, festival, spectacle...\u00a0 contact@fabriceeulry.fr DOSSIER DE PRESSE\u00a0 Fabrice Eulry en quelques d\u00e9p\u00eaches \u00ab Ce pianiste est infatigable\u00bb (Le Parisien) \u00ab Le Chopin du Boogie-woogie\u2026","rel":"","context":"Article similaire","block_context":{"text":"Article similaire","link":""},"img":{"alt_text":"","src":"https:\/\/i0.wp.com\/www.fabriceeulry-laboutique.com\/blog\/wp-content\/uploads\/2016\/09\/vlcsnap-2016-09-03-15h27m17s435.png?resize=350%2C200","width":350,"height":200,"srcset":"https:\/\/i0.wp.com\/www.fabriceeulry-laboutique.com\/blog\/wp-content\/uploads\/2016\/09\/vlcsnap-2016-09-03-15h27m17s435.png?resize=350%2C200 1x, https:\/\/i0.wp.com\/www.fabriceeulry-laboutique.com\/blog\/wp-content\/uploads\/2016\/09\/vlcsnap-2016-09-03-15h27m17s435.png?resize=525%2C300 1.5x, https:\/\/i0.wp.com\/www.fabriceeulry-laboutique.com\/blog\/wp-content\/uploads\/2016\/09\/vlcsnap-2016-09-03-15h27m17s435.png?resize=700%2C400 2x, https:\/\/i0.wp.com\/www.fabriceeulry-laboutique.com\/blog\/wp-content\/uploads\/2016\/09\/vlcsnap-2016-09-03-15h27m17s435.png?resize=1050%2C600 3x, https:\/\/i0.wp.com\/www.fabriceeulry-laboutique.com\/blog\/wp-content\/uploads\/2016\/09\/vlcsnap-2016-09-03-15h27m17s435.png?resize=1400%2C800 4x"},"classes":[]},{"id":10068,"url":"http:\/\/www.fabriceeulry-laboutique.com\/blog\/?page_id=10068","url_meta":{"origin":11392,"position":3},"title":"BOUTIQUE (CD)","author":"Le Canard du pianiste","date":"1 janvier 2019","format":false,"excerpt":"Vous pouvez consulter la vitrine ci-dessous mais la boutique est d\u00e9sormais sur : https:\/\/fabriceeulry.fr COME TOGETHER Edit\u00e9 en 2024\/ Tarif : 20\u20ac Un floril\u00e8ge avec un enregistrement dans un studio de pointe, dont une des sessions s'est donn\u00e9e avec le chaleur d'un public ! Fabrice Eulry s'est fait plaisir en\u2026","rel":"","context":"Article similaire","block_context":{"text":"Article similaire","link":""},"img":{"alt_text":"","src":"https:\/\/i0.wp.com\/www.fabriceeulry-laboutique.com\/blog\/wp-content\/uploads\/2024\/07\/domin.png?resize=350%2C200","width":350,"height":200},"classes":[]},{"id":11136,"url":"http:\/\/www.fabriceeulry-laboutique.com\/blog\/?page_id=11136","url_meta":{"origin":11392,"position":4},"title":"FESTIVAL BLUES EN AVEYRON  : ACTUALIT\u00c9 ET HISTORIQUE","author":"Le Canard du pianiste","date":"22 novembre 2018","format":false,"excerpt":"FESTIVAL 2024 Concerts \u00e0 17h et 21h : (Lien de r\u00e9servation en ligne sous l'affiche) R\u00e9servations sur Weezevent : https:\/\/l.facebook.com\/l.php?u=https%3A%2F%2Fmy.weezevent.com%2Fblues-en-aveyron-2024%3F_gl%3D1*2ohivv*_gcl_au*MTg2MzIzNjkwOC4xNzI0MzE3NjgwLjI5MDY4ODAzNS4xNzI0MzE3Njg3LjE3MjQzMTc2ODY.*_ga*MTUxODk5NjEyMy4xNzI0MzE3Njgx*_ga_39H9VBFX7G*MTcyNDMxNzY4MC4xLjEuMTcyNDMxODc5MC41OS4wLjA%26fbclid%3DIwZXh0bgNhZW0CMTAAAR1VnKeG-UwHftcpWAqQSur7_lx012sd67m6LtWdSZf2AodYE0o2Vu-TNzw_aem_ZEopaa4gPoutawTx_kQGOQ&h=AT1KF-tQ90cHr6P6sFaMct-wnAHEpxrViJEsQeV2-3TtauqjxO3mKY4QzMXh1O-8Nlo8ZXCU0UPyO43Jtf47yogKlAU6B6QeWuYnqDep57QIITAkeS656mIIokcvuZM71PC2Ikrefo4J_aLS_XNsRuXiOQ&__tn__=-UK-R&c[0]=AT1P0R4qbRbkLi4_OFBoO2FrxdSrEFAXq7WwImmwuV4MSrzUlLJlwarNWXfx1jNoHxg44zRdzfe1sEXaclbC_YoutlX4GcpVAlP6VzEzdMZvYwbKekA7ppCaT2xBQhfrUlWPd3RTeJZ-AkhKWEm_qHVQsGr5sJLbpPkX6lHeT-x7YuzxDKWY9qrftu1T0eqVSnqB4AAEgR9Yg8qrJpEQZjKsbU-FSjaxumVXwg FESTIVAL 2023 Le festival se terminera v\u00e9ritablement \u00e0 la Maison d'accueil sp\u00e9cialis\u00e9e de St C\u00f4me d'Olt le mercredi 11 octobre avec un r\u00e9cital de Fabrice Eulry \u00e0 15h, pour lequel\u2026","rel":"","context":"Article similaire","block_context":{"text":"Article similaire","link":""},"img":{"alt_text":"","src":"https:\/\/i0.wp.com\/www.fabriceeulry-laboutique.com\/blog\/wp-content\/uploads\/2024\/09\/AFFICHE-BenA2024.png-.png?resize=350%2C200","width":350,"height":200,"srcset":"https:\/\/i0.wp.com\/www.fabriceeulry-laboutique.com\/blog\/wp-content\/uploads\/2024\/09\/AFFICHE-BenA2024.png-.png?resize=350%2C200 1x, https:\/\/i0.wp.com\/www.fabriceeulry-laboutique.com\/blog\/wp-content\/uploads\/2024\/09\/AFFICHE-BenA2024.png-.png?resize=525%2C300 1.5x, https:\/\/i0.wp.com\/www.fabriceeulry-laboutique.com\/blog\/wp-content\/uploads\/2024\/09\/AFFICHE-BenA2024.png-.png?resize=700%2C400 2x, https:\/\/i0.wp.com\/www.fabriceeulry-laboutique.com\/blog\/wp-content\/uploads\/2024\/09\/AFFICHE-BenA2024.png-.png?resize=1050%2C600 3x"},"classes":[]}],"_links":{"self":[{"href":"http:\/\/www.fabriceeulry-laboutique.com\/blog\/index.php?rest_route=\/wp\/v2\/pages\/11392","targetHints":{"allow":["GET"]}}],"collection":[{"href":"http:\/\/www.fabriceeulry-laboutique.com\/blog\/index.php?rest_route=\/wp\/v2\/pages"}],"about":[{"href":"http:\/\/www.fabriceeulry-laboutique.com\/blog\/index.php?rest_route=\/wp\/v2\/types\/page"}],"author":[{"embeddable":true,"href":"http:\/\/www.fabriceeulry-laboutique.com\/blog\/index.php?rest_route=\/wp\/v2\/users\/2"}],"replies":[{"embeddable":true,"href":"http:\/\/www.fabriceeulry-laboutique.com\/blog\/index.php?rest_route=%2Fwp%2Fv2%2Fcomments&post=11392"}],"version-history":[{"count":1,"href":"http:\/\/www.fabriceeulry-laboutique.com\/blog\/index.php?rest_route=\/wp\/v2\/pages\/11392\/revisions"}],"predecessor-version":[{"id":11396,"href":"http:\/\/www.fabriceeulry-laboutique.com\/blog\/index.php?rest_route=\/wp\/v2\/pages\/11392\/revisions\/11396"}],"up":[{"embeddable":true,"href":"http:\/\/www.fabriceeulry-laboutique.com\/blog\/index.php?rest_route=\/wp\/v2\/pages\/10068"}],"wp:attachment":[{"href":"http:\/\/www.fabriceeulry-laboutique.com\/blog\/index.php?rest_route=%2Fwp%2Fv2%2Fmedia&parent=11392"}],"curies":[{"name":"wp","href":"https:\/\/api.w.org\/{rel}","templated":true}]}}