{"id":11445,"date":"2019-01-01T00:36:13","date_gmt":"2019-01-01T00:36:13","guid":{"rendered":"http:\/\/www.fabriceeulry-laboutique.com\/blog\/?page_id=11445"},"modified":"2024-11-22T05:45:34","modified_gmt":"2024-11-22T05:45:34","slug":"boutique-dvd","status":"publish","type":"page","link":"http:\/\/www.fabriceeulry-laboutique.com\/blog\/?page_id=11445","title":{"rendered":"BOUTIQUE CD DVD PARTITIONS"},"content":{"rendered":"\n<p class=\"has-text-align-center\"><strong>Cliquez sur ce lien pour acc\u00e9der \u00e0 la boutique o\u00f9 vous pourrez \u00e9couter des extraits <\/strong>:<\/p>\n\n\n\n<p class=\"has-text-align-center\"><a href=\"https:\/\/fabriceeulry.fr\/\">https:\/\/fabriceeulry.fr\/<\/a><\/p>\n","protected":false},"excerpt":{"rendered":"<p>Cliquez sur ce lien pour acc\u00e9der \u00e0 la boutique o\u00f9 vous pourrez \u00e9couter des extraits : https:\/\/fabriceeulry.fr\/<\/p>\n","protected":false},"author":2,"featured_media":0,"parent":0,"menu_order":0,"comment_status":"closed","ping_status":"closed","template":"","meta":{"jetpack_post_was_ever_published":false,"footnotes":""},"class_list":["post-11445","page","type-page","status-publish","hentry"],"jetpack_sharing_enabled":true,"jetpack_shortlink":"https:\/\/wp.me\/P2D6dI-2YB","jetpack_likes_enabled":true,"jetpack-related-posts":[{"id":10068,"url":"http:\/\/www.fabriceeulry-laboutique.com\/blog\/?page_id=10068","url_meta":{"origin":11445,"position":0},"title":"BOUTIQUE (CD)","author":"Le Canard du pianiste","date":"1 janvier 2019","format":false,"excerpt":"Vous pouvez consulter la vitrine ci-dessous mais la boutique est d\u00e9sormais sur : https:\/\/fabriceeulry.fr COME TOGETHER Edit\u00e9 en 2024\/ Tarif : 20\u20ac Un floril\u00e8ge avec un enregistrement dans un studio de pointe, dont une des sessions s'est donn\u00e9e avec le chaleur d'un public ! Fabrice Eulry s'est fait plaisir en\u2026","rel":"","context":"Article similaire","block_context":{"text":"Article similaire","link":""},"img":{"alt_text":"","src":"https:\/\/i0.wp.com\/www.fabriceeulry-laboutique.com\/blog\/wp-content\/uploads\/2024\/07\/domin.png?resize=350%2C200","width":350,"height":200},"classes":[]},{"id":8269,"url":"http:\/\/www.fabriceeulry-laboutique.com\/blog\/?page_id=8269","url_meta":{"origin":11445,"position":1},"title":"CALENDRIER DES CONCERTS","author":"Le Canard du pianiste","date":"11 mars 2016","format":false,"excerpt":"NE SONT PAS MENTIONN\u00c9S LES CONCERTS NON OUVERTS AU PUBLIC (COMME LES CONCERTS DE SOLIDARIT\u00c9 EN MAISON D'ACCUEIL OU MAISONS SP\u00c9CIALIS\u00c9ES OU PRISONS, PAR EXEMPLE) ET LES CONCERTS D\u00c9J\u00c0 COMPLETS. Avril 2026 Samedi 25 : Mini-festival \u00e0 Morges concerts \u00e0 15h30 et 17h30 Avenue de plan 4 A Mercredi 27\u2026","rel":"","context":"Article similaire","block_context":{"text":"Article similaire","link":""},"img":{"alt_text":"","src":"https:\/\/i0.wp.com\/www.fabriceeulry-laboutique.com\/blog\/wp-content\/uploads\/2019\/02\/LA-MARSEILLAISE-Fabrice.png?resize=350%2C200","width":350,"height":200},"classes":[]},{"id":11136,"url":"http:\/\/www.fabriceeulry-laboutique.com\/blog\/?page_id=11136","url_meta":{"origin":11445,"position":2},"title":"FESTIVAL BLUES EN AVEYRON  : ACTUALIT\u00c9 ET HISTORIQUE","author":"Le Canard du pianiste","date":"22 novembre 2018","format":false,"excerpt":"FESTIVAL 2024 Concerts \u00e0 17h et 21h : (Lien de r\u00e9servation en ligne sous l'affiche) R\u00e9servations sur Weezevent : https:\/\/l.facebook.com\/l.php?u=https%3A%2F%2Fmy.weezevent.com%2Fblues-en-aveyron-2024%3F_gl%3D1*2ohivv*_gcl_au*MTg2MzIzNjkwOC4xNzI0MzE3NjgwLjI5MDY4ODAzNS4xNzI0MzE3Njg3LjE3MjQzMTc2ODY.*_ga*MTUxODk5NjEyMy4xNzI0MzE3Njgx*_ga_39H9VBFX7G*MTcyNDMxNzY4MC4xLjEuMTcyNDMxODc5MC41OS4wLjA%26fbclid%3DIwZXh0bgNhZW0CMTAAAR1VnKeG-UwHftcpWAqQSur7_lx012sd67m6LtWdSZf2AodYE0o2Vu-TNzw_aem_ZEopaa4gPoutawTx_kQGOQ&h=AT1KF-tQ90cHr6P6sFaMct-wnAHEpxrViJEsQeV2-3TtauqjxO3mKY4QzMXh1O-8Nlo8ZXCU0UPyO43Jtf47yogKlAU6B6QeWuYnqDep57QIITAkeS656mIIokcvuZM71PC2Ikrefo4J_aLS_XNsRuXiOQ&__tn__=-UK-R&c[0]=AT1P0R4qbRbkLi4_OFBoO2FrxdSrEFAXq7WwImmwuV4MSrzUlLJlwarNWXfx1jNoHxg44zRdzfe1sEXaclbC_YoutlX4GcpVAlP6VzEzdMZvYwbKekA7ppCaT2xBQhfrUlWPd3RTeJZ-AkhKWEm_qHVQsGr5sJLbpPkX6lHeT-x7YuzxDKWY9qrftu1T0eqVSnqB4AAEgR9Yg8qrJpEQZjKsbU-FSjaxumVXwg FESTIVAL 2023 Le festival se terminera v\u00e9ritablement \u00e0 la Maison d'accueil sp\u00e9cialis\u00e9e de St C\u00f4me d'Olt le mercredi 11 octobre avec un r\u00e9cital de Fabrice Eulry \u00e0 15h, pour lequel\u2026","rel":"","context":"Article similaire","block_context":{"text":"Article similaire","link":""},"img":{"alt_text":"","src":"https:\/\/i0.wp.com\/www.fabriceeulry-laboutique.com\/blog\/wp-content\/uploads\/2024\/09\/AFFICHE-BenA2024.png-.png?resize=350%2C200","width":350,"height":200,"srcset":"https:\/\/i0.wp.com\/www.fabriceeulry-laboutique.com\/blog\/wp-content\/uploads\/2024\/09\/AFFICHE-BenA2024.png-.png?resize=350%2C200 1x, https:\/\/i0.wp.com\/www.fabriceeulry-laboutique.com\/blog\/wp-content\/uploads\/2024\/09\/AFFICHE-BenA2024.png-.png?resize=525%2C300 1.5x, https:\/\/i0.wp.com\/www.fabriceeulry-laboutique.com\/blog\/wp-content\/uploads\/2024\/09\/AFFICHE-BenA2024.png-.png?resize=700%2C400 2x, https:\/\/i0.wp.com\/www.fabriceeulry-laboutique.com\/blog\/wp-content\/uploads\/2024\/09\/AFFICHE-BenA2024.png-.png?resize=1050%2C600 3x"},"classes":[]},{"id":8289,"url":"http:\/\/www.fabriceeulry-laboutique.com\/blog\/?page_id=8289","url_meta":{"origin":11445,"position":3},"title":"CONTACT-DOSSIER DE PRESSE-PARCOURS","author":"Le Canard du pianiste","date":"12 mars 2016","format":false,"excerpt":"CONTACT SC\u00c8NE : Fabrice Eulry vous a enthousiasm\u00e9. Vous souhaiteriez qu'il joue pour vous, seul ou en formation. Pour organiser votre soir\u00e9e priv\u00e9e ou d'entreprise, votre concert, festival, spectacle...\u00a0 contact@fabriceeulry.fr DOSSIER DE PRESSE\u00a0 Fabrice Eulry en quelques d\u00e9p\u00eaches \u00ab Ce pianiste est infatigable\u00bb (Le Parisien) \u00ab Le Chopin du Boogie-woogie\u2026","rel":"","context":"Article similaire","block_context":{"text":"Article similaire","link":""},"img":{"alt_text":"","src":"https:\/\/i0.wp.com\/www.fabriceeulry-laboutique.com\/blog\/wp-content\/uploads\/2016\/09\/vlcsnap-2016-09-03-15h27m17s435.png?resize=350%2C200","width":350,"height":200,"srcset":"https:\/\/i0.wp.com\/www.fabriceeulry-laboutique.com\/blog\/wp-content\/uploads\/2016\/09\/vlcsnap-2016-09-03-15h27m17s435.png?resize=350%2C200 1x, https:\/\/i0.wp.com\/www.fabriceeulry-laboutique.com\/blog\/wp-content\/uploads\/2016\/09\/vlcsnap-2016-09-03-15h27m17s435.png?resize=525%2C300 1.5x, https:\/\/i0.wp.com\/www.fabriceeulry-laboutique.com\/blog\/wp-content\/uploads\/2016\/09\/vlcsnap-2016-09-03-15h27m17s435.png?resize=700%2C400 2x, https:\/\/i0.wp.com\/www.fabriceeulry-laboutique.com\/blog\/wp-content\/uploads\/2016\/09\/vlcsnap-2016-09-03-15h27m17s435.png?resize=1050%2C600 3x, https:\/\/i0.wp.com\/www.fabriceeulry-laboutique.com\/blog\/wp-content\/uploads\/2016\/09\/vlcsnap-2016-09-03-15h27m17s435.png?resize=1400%2C800 4x"},"classes":[]},{"id":11392,"url":"http:\/\/www.fabriceeulry-laboutique.com\/blog\/?page_id=11392","url_meta":{"origin":11445,"position":4},"title":"FONDATION R\u00c9SONNANCE","author":"Le Canard du pianiste","date":"15 d\u00e9cembre 2018","format":false,"excerpt":"http:\/\/www.fabriceeulry-laboutique.com\/blog\/?p=10949 http:\/\/www.fabriceeulry-laboutique.com\/blog\/?p=10936 http:\/\/www.fabriceeulry-laboutique.com\/blog\/?p=10920 http:\/\/www.fabriceeulry-laboutique.com\/blog\/?p=10901 http:\/\/www.fabriceeulry-laboutique.com\/blog\/?p=10899 http:\/\/www.fabriceeulry-laboutique.com\/blog\/?p=10533","rel":"","context":"Article similaire","block_context":{"text":"Article similaire","link":""},"img":{"alt_text":"","src":"","width":0,"height":0},"classes":[]}],"_links":{"self":[{"href":"http:\/\/www.fabriceeulry-laboutique.com\/blog\/index.php?rest_route=\/wp\/v2\/pages\/11445","targetHints":{"allow":["GET"]}}],"collection":[{"href":"http:\/\/www.fabriceeulry-laboutique.com\/blog\/index.php?rest_route=\/wp\/v2\/pages"}],"about":[{"href":"http:\/\/www.fabriceeulry-laboutique.com\/blog\/index.php?rest_route=\/wp\/v2\/types\/page"}],"author":[{"embeddable":true,"href":"http:\/\/www.fabriceeulry-laboutique.com\/blog\/index.php?rest_route=\/wp\/v2\/users\/2"}],"replies":[{"embeddable":true,"href":"http:\/\/www.fabriceeulry-laboutique.com\/blog\/index.php?rest_route=%2Fwp%2Fv2%2Fcomments&post=11445"}],"version-history":[{"count":6,"href":"http:\/\/www.fabriceeulry-laboutique.com\/blog\/index.php?rest_route=\/wp\/v2\/pages\/11445\/revisions"}],"predecessor-version":[{"id":13114,"href":"http:\/\/www.fabriceeulry-laboutique.com\/blog\/index.php?rest_route=\/wp\/v2\/pages\/11445\/revisions\/13114"}],"wp:attachment":[{"href":"http:\/\/www.fabriceeulry-laboutique.com\/blog\/index.php?rest_route=%2Fwp%2Fv2%2Fmedia&parent=11445"}],"curies":[{"name":"wp","href":"https:\/\/api.w.org\/{rel}","templated":true}]}}